{"id":45,"date":"2014-09-18T13:09:52","date_gmt":"2014-09-18T11:09:52","guid":{"rendered":"http:\/\/hochzeit.kaltenmark.org\/?page_id=45"},"modified":"2015-06-07T21:36:03","modified_gmt":"2015-06-07T19:36:03","slug":"kirche","status":"publish","type":"page","link":"https:\/\/hochzeit.vom-feinsten.net\/?page_id=45","title":{"rendered":"Kirche"},"content":{"rendered":"<p>Am 13.9.14 gaben wir uns in in der Kapelle zu Schleinsee erneut das JA-Wort!<\/p>\n<p>Es war \u00fcberw\u00e4ltigend und ein wundersch\u00f6ner Tag.<\/p>\n<p>Vielen lieben Dank an alle Mitwirkenden, die das Fest zu unserer einzigartigen Feier machten.<\/p>\n","protected":false},"excerpt":{"rendered":"<p>Am 13.9.14 gaben wir uns in in der Kapelle zu Schleinsee erneut das JA-Wort! Es war \u00fcberw\u00e4ltigend und ein wundersch\u00f6ner Tag. Vielen lieben Dank an alle Mitwirkenden, die das Fest zu unserer einzigartigen Feier machten.<\/p>\n","protected":false},"author":1,"featured_media":0,"parent":0,"menu_order":2,"comment_status":"open","ping_status":"closed","template":"","meta":{"footnotes":""},"class_list":["post-45","page","type-page","status-publish","hentry"],"_links":{"self":[{"href":"https:\/\/hochzeit.vom-feinsten.net\/index.php?rest_route=\/wp\/v2\/pages\/45","targetHints":{"allow":["GET"]}}],"collection":[{"href":"https:\/\/hochzeit.vom-feinsten.net\/index.php?rest_route=\/wp\/v2\/pages"}],"about":[{"href":"https:\/\/hochzeit.vom-feinsten.net\/index.php?rest_route=\/wp\/v2\/types\/page"}],"author":[{"embeddable":true,"href":"https:\/\/hochzeit.vom-feinsten.net\/index.php?rest_route=\/wp\/v2\/users\/1"}],"replies":[{"embeddable":true,"href":"https:\/\/hochzeit.vom-feinsten.net\/index.php?rest_route=%2Fwp%2Fv2%2Fcomments&post=45"}],"version-history":[{"count":3,"href":"https:\/\/hochzeit.vom-feinsten.net\/index.php?rest_route=\/wp\/v2\/pages\/45\/revisions"}],"predecessor-version":[{"id":50,"href":"https:\/\/hochzeit.vom-feinsten.net\/index.php?rest_route=\/wp\/v2\/pages\/45\/revisions\/50"}],"wp:attachment":[{"href":"https:\/\/hochzeit.vom-feinsten.net\/index.php?rest_route=%2Fwp%2Fv2%2Fmedia&parent=45"}],"curies":[{"name":"wp","href":"https:\/\/api.w.org\/{rel}","templated":true}]}}