{"id":11,"date":"2013-12-11T02:48:06","date_gmt":"2013-12-11T00:48:06","guid":{"rendered":"http:\/\/swissitservices.ch\/hochzeit\/?page_id=11"},"modified":"2015-07-28T15:39:30","modified_gmt":"2015-07-28T13:39:30","slug":"standesamt","status":"publish","type":"page","link":"https:\/\/hochzeit.vom-feinsten.net\/?page_id=11","title":{"rendered":"Standesamt"},"content":{"rendered":"<p>Wir m\u00fcssen nicht, wir brauchen nicht, wir m\u00f6chten einfach heiraten!<\/p>\n<p>Am 11.12.13 um 11 Uhr im Bacchussaal im Tettnanger Schloss.<\/p>\n<p>Im Anschluss ging es zum Mittagessen in Gr\u00fcnen Baum.<\/p>\n<p>Wir m\u00f6chten Euch allen ganz herzlich danken f\u00fcr unseren sch\u00f6nen und besonderen Tag!<br \/>\nDanke, dass Ihr, unsere Familie und guten Freunde, uns ein wunderbares Fest beschert habt.<\/p>\n<p><a href=\"http:\/\/hochzeit.vom-feinsten.net\/hochzeit\/wp-content\/uploads\/2013\/12\/IMG_20131212_001022.jpg\"><img loading=\"lazy\" decoding=\"async\" class=\"alignnone wp-image-61 size-large\" src=\"http:\/\/hochzeit.vom-feinsten.net\/hochzeit\/wp-content\/uploads\/2013\/12\/IMG_20131212_001022-1024x768.jpg\" alt=\"\" width=\"600\" height=\"450\" srcset=\"https:\/\/hochzeit.vom-feinsten.net\/wp-content\/uploads\/2013\/12\/IMG_20131212_001022-1024x768.jpg 1024w, https:\/\/hochzeit.vom-feinsten.net\/wp-content\/uploads\/2013\/12\/IMG_20131212_001022-300x225.jpg 300w\" sizes=\"auto, (max-width: 600px) 100vw, 600px\" \/><\/a><\/p>\n<p>Ausserdem einen Dank an des Br\u00e4utigam&#8217;s Onkel Lorenzo und Tante Petra f\u00fcr das besondere Bier.<\/p>\n","protected":false},"excerpt":{"rendered":"<p>Wir m\u00fcssen nicht, wir brauchen nicht, wir m\u00f6chten einfach heiraten! Am 11.12.13 um 11 Uhr im Bacchussaal im Tettnanger Schloss. Im Anschluss ging es zum Mittagessen in Gr\u00fcnen Baum. Wir m\u00f6chten Euch allen ganz herzlich danken f\u00fcr unseren sch\u00f6nen und&#8230;<\/p>\n","protected":false},"author":1,"featured_media":0,"parent":0,"menu_order":1,"comment_status":"closed","ping_status":"closed","template":"","meta":{"footnotes":""},"class_list":["post-11","page","type-page","status-publish","hentry"],"_links":{"self":[{"href":"https:\/\/hochzeit.vom-feinsten.net\/index.php?rest_route=\/wp\/v2\/pages\/11","targetHints":{"allow":["GET"]}}],"collection":[{"href":"https:\/\/hochzeit.vom-feinsten.net\/index.php?rest_route=\/wp\/v2\/pages"}],"about":[{"href":"https:\/\/hochzeit.vom-feinsten.net\/index.php?rest_route=\/wp\/v2\/types\/page"}],"author":[{"embeddable":true,"href":"https:\/\/hochzeit.vom-feinsten.net\/index.php?rest_route=\/wp\/v2\/users\/1"}],"replies":[{"embeddable":true,"href":"https:\/\/hochzeit.vom-feinsten.net\/index.php?rest_route=%2Fwp%2Fv2%2Fcomments&post=11"}],"version-history":[{"count":19,"href":"https:\/\/hochzeit.vom-feinsten.net\/index.php?rest_route=\/wp\/v2\/pages\/11\/revisions"}],"predecessor-version":[{"id":20,"href":"https:\/\/hochzeit.vom-feinsten.net\/index.php?rest_route=\/wp\/v2\/pages\/11\/revisions\/20"}],"wp:attachment":[{"href":"https:\/\/hochzeit.vom-feinsten.net\/index.php?rest_route=%2Fwp%2Fv2%2Fmedia&parent=11"}],"curies":[{"name":"wp","href":"https:\/\/api.w.org\/{rel}","templated":true}]}}